{"id":521,"date":"2020-01-22T06:48:05","date_gmt":"2020-01-22T06:48:05","guid":{"rendered":"https:\/\/jaulinlab.com\/?page_id=521"},"modified":"2025-12-12T00:49:05","modified_gmt":"2025-12-12T00:49:05","slug":"funding-sources","status":"publish","type":"page","link":"https:\/\/jaulinlab.com\/fr\/funding-sources\/","title":{"rendered":"Sources de Financements"},"content":{"rendered":"\t\t<div data-elementor-type=\"wp-page\" data-elementor-id=\"521\" class=\"elementor elementor-521\" data-elementor-post-type=\"page\">\n\t\t\t\t\t\t<section class=\"elementor-section elementor-top-section elementor-element elementor-element-8b81b6f elementor-section-stretched elementor-section-boxed elementor-section-height-default elementor-section-height-default\" data-id=\"8b81b6f\" data-element_type=\"section\" data-e-type=\"section\" data-settings=\"{&quot;stretch_section&quot;:&quot;section-stretched&quot;,&quot;background_background&quot;:&quot;classic&quot;}\">\n\t\t\t\t\t\t<div class=\"elementor-container elementor-column-gap-default\">\n\t\t\t\t\t<div class=\"elementor-column elementor-col-100 elementor-top-column elementor-element elementor-element-e3f57ea\" data-id=\"e3f57ea\" data-element_type=\"column\" data-e-type=\"column\">\n\t\t\t<div class=\"elementor-widget-wrap elementor-element-populated\">\n\t\t\t\t\t\t<div class=\"elementor-element elementor-element-e205951 elementor-widget elementor-widget-spacer\" data-id=\"e205951\" data-element_type=\"widget\" data-e-type=\"widget\" data-widget_type=\"spacer.default\">\n\t\t\t\t<div class=\"elementor-widget-container\">\n\t\t\t\t\t\t\t<div class=\"elementor-spacer\">\n\t\t\t<div class=\"elementor-spacer-inner\"><\/div>\n\t\t<\/div>\n\t\t\t\t\t\t<\/div>\n\t\t\t\t<\/div>\n\t\t\t\t<div class=\"elementor-element elementor-element-c43db95 elementor-widget elementor-widget-text-editor\" data-id=\"c43db95\" data-element_type=\"widget\" data-e-type=\"widget\" data-widget_type=\"text-editor.default\">\n\t\t\t\t<div class=\"elementor-widget-container\">\n\t\t\t\t\t\t\t\t\tJAULIN LAB PUBLICATIONS\t\t\t\t\t\t\t\t<\/div>\n\t\t\t\t<\/div>\n\t\t\t\t\t<\/div>\n\t\t<\/div>\n\t\t\t\t\t<\/div>\n\t\t<\/section>\n\t\t\t\t<section class=\"elementor-section elementor-top-section elementor-element elementor-element-5af858f elementor-section-stretched elementor-section-boxed elementor-section-height-default elementor-section-height-default\" data-id=\"5af858f\" data-element_type=\"section\" data-e-type=\"section\" data-settings=\"{&quot;stretch_section&quot;:&quot;section-stretched&quot;}\">\n\t\t\t\t\t\t<div class=\"elementor-container elementor-column-gap-default\">\n\t\t\t\t\t<div class=\"elementor-column elementor-col-100 elementor-top-column elementor-element elementor-element-cd19ae7\" data-id=\"cd19ae7\" data-element_type=\"column\" data-e-type=\"column\">\n\t\t\t<div class=\"elementor-widget-wrap elementor-element-populated\">\n\t\t\t\t\t\t<div class=\"elementor-element elementor-element-c97758c elementor-widget elementor-widget-text-editor\" data-id=\"c97758c\" data-element_type=\"widget\" data-e-type=\"widget\" data-widget_type=\"text-editor.default\">\n\t\t\t\t<div class=\"elementor-widget-container\">\n\t\t\t\t\t\t\t\t\t<h1><span style=\"color: #00ccff;\"><strong>2025<\/strong><\/span><\/h1><p>Lacroix A, Swales L, Farhat R, Dadon L, Rashidova G, Lhoste L, Cartry J, Mathieu JRR, Boileve A, Jaulin F, Wiels J, Brenner C, Germini D. The pro-apoptotic peptide PEP-010 triggers apoptosis in pancreatic tumor models in monotherapy and in combination with gemcitabine independently of the KRAS status. Cancer Lett. 2025 Jul 1. PMID: 40609673. View in: <span style=\"text-decoration: underline;\"><a href=\"https:\/\/pubmed.ncbi.nlm.nih.gov\/40609673\/\">Pubmed<\/a><\/span><\/p><p>Swales L, Mathieu JRR, Ducreux M, Jaulin F, Boil\u00e8ve A. Pan-RAS inhibitor after KRASG12C treatment in pancreatic cancer? Eur J Cancer. 2025 Jul 25. PMID: 40544757. View in: <span style=\"text-decoration: underline;\"><a href=\"https:\/\/pubmed.ncbi.nlm.nih.gov\/40544757\/\">Pubmed<\/a><\/span><\/p><p>Meudec L, Goudarzi N, Silva-Saffar SE, Pascaud J, Jaulin F, Pascal Q, Lazure T, Bechara R, Mariette X, Nocturne G. Development of salivary gland organoids derived from patient biopsies: a functional model of Sj\u00f6gren&#8217;s disease. Ann Rheum Dis. 2025 Jul. PMID: 40393919. View in: <span style=\"text-decoration: underline;\"><a href=\"https:\/\/pubmed.ncbi.nlm.nih.gov\/40393919\/\">Pubmed<\/a><\/span><\/p><p>Boil\u00e8ve A, Ducreux M, Jaulin F. Reply. Gastroenterology. 2025 Mar. PMID: 3957182. View in: <span style=\"text-decoration: underline;\"><a href=\"https:\/\/pubmed.ncbi.nlm.nih.gov\/39571821\/\">Pubmed<\/a><\/span><\/p>\t\t\t\t\t\t\t\t<\/div>\n\t\t\t\t<\/div>\n\t\t\t\t\t<\/div>\n\t\t<\/div>\n\t\t\t\t\t<\/div>\n\t\t<\/section>\n\t\t\t\t<section class=\"elementor-section elementor-top-section elementor-element elementor-element-b3d9387 elementor-section-stretched elementor-section-boxed elementor-section-height-default elementor-section-height-default\" data-id=\"b3d9387\" data-element_type=\"section\" data-e-type=\"section\" data-settings=\"{&quot;stretch_section&quot;:&quot;section-stretched&quot;}\">\n\t\t\t\t\t\t<div class=\"elementor-container elementor-column-gap-default\">\n\t\t\t\t\t<div class=\"elementor-column elementor-col-100 elementor-top-column elementor-element elementor-element-b18da1c\" data-id=\"b18da1c\" data-element_type=\"column\" data-e-type=\"column\">\n\t\t\t<div class=\"elementor-widget-wrap elementor-element-populated\">\n\t\t\t\t\t\t<div class=\"elementor-element elementor-element-a57dbf4 elementor-widget elementor-widget-text-editor\" data-id=\"a57dbf4\" data-element_type=\"widget\" data-e-type=\"widget\" data-widget_type=\"text-editor.default\">\n\t\t\t\t<div class=\"elementor-widget-container\">\n\t\t\t\t\t\t\t\t\t<h1><span style=\"color: #00ccff;\"><strong>2024<\/strong><\/span><\/h1><p>Boil\u00e8ve A, Smolenschi C, Lambert A, Boige V, Delaye M, Camilleri GM, Tarabay A, Val\u00e9ry M, Fuerea A, Pudlarz T, Mathieu JRR, Jaulin F, Hollebecque A, Ducreux M. KRAS, a New Target for Precision Medicine in Colorectal Cancer? Cancers (Basel). 2024 Oct 12. PMID: 39456549. View in: <span style=\"text-decoration: underline;\"><a href=\"https:\/\/pubmed.ncbi.nlm.nih.gov\/39456549\/\">Pubmed<\/a><\/span><\/p><p>Boil\u00e8ve A, Cartry J, Goudarzi N, Bedja S, Mathieu JRR, Bani MA, Nicolle R, Mouawia A, Bouyakoub R, Nicotra C, Ngo-Camus M, Job B, Lipson K, Boige V, Val\u00e9ry M, Tarabay A, Dartigues P, Tselikas L, de Baere T, Italiano A, Cosconea S, Gelli M, Fernandez-de-Sevilla E, Annereau M, Malka D, Smolenschi C, Ducreux M, Hollebecque A, Jaulin F. Organoids for Functional Precision Medicine in Advanced Pancreatic Cancer. Gastroenterology. 2024 Oct. PMID: 38866343. View in: <span style=\"text-decoration: underline;\"><a href=\"https:\/\/pubmed.ncbi.nlm.nih.gov\/38866343\/\">Pubmed<\/a><\/span><\/p><p>Desterke C, Jaulin F, Dornier E. Hypermethylated Colorectal Cancer Tumours Present a Myc-Driven Hypermetabolism with a One-Carbon Signature Associated with Worsen Prognosis.Biomedicines. 2024 Mar 6. PMID: 38540202. View in: <span style=\"text-decoration: underline;\"><a href=\"https:\/\/pubmed.ncbi.nlm.nih.gov\/38540202\/\">Pubmed<\/a><\/span><\/p><p>Pasquier N, Jaulin F, Peglion F. Inverted apicobasal polarity in health and disease. J Cell Sci. 2024 Mar 1. PMID: 38465512. View in: <span style=\"text-decoration: underline;\"><a href=\"https:\/\/pubmed.ncbi.nlm.nih.gov\/38465512\/\">Pubmed<\/a><\/span><\/p><p>Ben-Ammar I, Rousseau A, Nicolle R, Tarabay A, Boige V, Valery M, Pudlarz T, Malka D, Gelli M, Fernandez-De-Sevilla E, Fuerea A, Tanguy ML, Rouleau E, Barbe R, Mathieu JRR, Jaulin F, Smolenschi C, Hollebecque A, Ducreux M, Boileve A. Precision medicine for KRAS wild-type pancreatic adenocarcinomas. Eur J Cancer. 2024 Jan. PMID: 38134480. View in: <span style=\"text-decoration: underline;\"><a href=\"https:\/\/pubmed.ncbi.nlm.nih.gov\/38134480\/\">Pubmed<\/a><\/span><\/p>\t\t\t\t\t\t\t\t<\/div>\n\t\t\t\t<\/div>\n\t\t\t\t\t<\/div>\n\t\t<\/div>\n\t\t\t\t\t<\/div>\n\t\t<\/section>\n\t\t\t\t<section class=\"elementor-section elementor-top-section elementor-element elementor-element-7635b1c elementor-section-stretched elementor-section-boxed elementor-section-height-default elementor-section-height-default\" data-id=\"7635b1c\" data-element_type=\"section\" data-e-type=\"section\" data-settings=\"{&quot;stretch_section&quot;:&quot;section-stretched&quot;}\">\n\t\t\t\t\t\t<div class=\"elementor-container elementor-column-gap-default\">\n\t\t\t\t\t<div class=\"elementor-column elementor-col-100 elementor-top-column elementor-element elementor-element-2a530aa\" data-id=\"2a530aa\" data-element_type=\"column\" data-e-type=\"column\">\n\t\t\t<div class=\"elementor-widget-wrap elementor-element-populated\">\n\t\t\t\t\t\t<div class=\"elementor-element elementor-element-12076e9 elementor-widget elementor-widget-text-editor\" data-id=\"12076e9\" data-element_type=\"widget\" data-e-type=\"widget\" data-widget_type=\"text-editor.default\">\n\t\t\t\t<div class=\"elementor-widget-container\">\n\t\t\t\t\t\t\t\t\t<h1><span style=\"color: #00ccff;\"><strong>2023<\/strong><\/span><\/h1><p>Cartry J, Bedja S, Boil\u00e8ve A, Mathieu JRR, Gontran E, Annereau M, Job B, Mouawia A, Mathias P, De Ba\u00e8re T, Italiano A, Besse B, Sourrouille I, Gelli M, Bani MA, Dartigues P, Hollebecque A, Smolenschi C, Ducreux M, Malka D, Jaulin F. Implementing patient derived organoids in functional precision medicine for patients with advanced colorectal cancer. J Exp Clin Cancer Res. 2023 Oct 25;42(1):281. doi: 10.1186\/s13046-023-02853-4. PMID: 37880806. View in: <span style=\"text-decoration: underline;\"><a href=\"https:\/\/pubmed.ncbi.nlm.nih.gov\/37880806\/\">Pubmed<\/a><\/span><\/p><p>Gelli M, Desterke C, Bani MA, Boige V, Fert\u00e9 C, Dartigues P, Job B, Perkins G, Laurent-Puig P, Go\u00e9r\u00e9 D, Mathieu JRR, Cartry J, Ducreux M, Jaulin F. Primary Colorectal Tumor Displays Differential Genomic Expression Profiles Associated with Hepatic and Peritoneal Metastases. Cancers (Basel). 2023 Sep 4;15(17):4418. doi: 10.3390\/cancers15174418. PMID: 37686695. View in: <span style=\"text-decoration: underline;\"><a href=\"https:\/\/pubmed.ncbi.nlm.nih.gov\/37686695\/\">Pubmed<\/a><\/span><\/p><p>Pradeu T, Daignan-Fornier B, Ewald A, Germain PL, Okasha S, Plutynski A, Benzekry S, Bertolaso M, Bissell M, Brown JS, Chin-Yee B, Chin-Yee I, Clevers H, Cognet L, Darrason M, Farge E, Feunteun J, Galon J, Giroux E, Green S, Gross F, Jaulin F, Knight R, Laconi E, Larmonier N, Maley C, Mantovani A, Moreau V, Nassoy P, Rondeau E, Santamaria D, Sawai CM, Seluanov A, Sepich-Poore GD, Sisirak V, Solary E, Yvonnet S, Laplane L. Reuniting philosophy and science to advance cancer research. Biol Rev Camb Philos Soc. 2023 Oct;98(5):1668-1686. doi: 10.1111\/brv.12971. Epub 2023 May 8. PMID: 37157910. View in: <span style=\"text-decoration: underline;\"><a href=\"https:\/\/pubmed.ncbi.nlm.nih.gov\/37157910\/\">Pubmed<\/a><\/span><\/p>\t\t\t\t\t\t\t\t<\/div>\n\t\t\t\t<\/div>\n\t\t\t\t\t<\/div>\n\t\t<\/div>\n\t\t\t\t\t<\/div>\n\t\t<\/section>\n\t\t\t\t<section class=\"elementor-section elementor-top-section elementor-element elementor-element-21734f7 elementor-section-stretched elementor-section-boxed elementor-section-height-default elementor-section-height-default\" data-id=\"21734f7\" data-element_type=\"section\" data-e-type=\"section\" data-settings=\"{&quot;stretch_section&quot;:&quot;section-stretched&quot;}\">\n\t\t\t\t\t\t<div class=\"elementor-container elementor-column-gap-default\">\n\t\t\t\t\t<div class=\"elementor-column elementor-col-100 elementor-top-column elementor-element elementor-element-7c8f5f8\" data-id=\"7c8f5f8\" data-element_type=\"column\" data-e-type=\"column\">\n\t\t\t<div class=\"elementor-widget-wrap elementor-element-populated\">\n\t\t\t\t\t\t<div class=\"elementor-element elementor-element-43db2e3 elementor-widget elementor-widget-text-editor\" data-id=\"43db2e3\" data-element_type=\"widget\" data-e-type=\"widget\" data-widget_type=\"text-editor.default\">\n\t\t\t\t<div class=\"elementor-widget-container\">\n\t\t\t\t\t\t\t\t\t<h1><span style=\"color: #00ccff;\"><strong>2022<\/strong><\/span><\/h1><p>Pag\u00e8s DL, Dornier E, de Seze J, Gontran E, Maitra A, Maciejewski A, Wang L, Luan R, Cartry J, Canet-Jourdan C, Raingeaud J, Lemahieu G, Lebel M, Ducreux M, Gelli M, Scoazec JY, Coppey M, Voituriez R, Piel M, Jaulin F. Cell clusters adopt a collective amoeboid mode of migration in confined nonadhesive environments. Sci Adv. 2022 Sep 30;8(39):eabp8416. doi: 10.1126\/sciadv.abp8416. Epub 2022 Sep 30. PMID: 36179021. View in: <span style=\"text-decoration: underline;\"><a href=\"https:\/\/pubmed.ncbi.nlm.nih.gov\/36179021\/\">Pubmed<\/a><\/span><\/p><p>Canet-Jourdan C, Pag\u00e8s DL, Nguyen-Vigouroux C, Cartry J, Zajac O, Desterke C, Lopez JB, Gutierrez-Mateyron E, Signolle N, Adam J, Raingeaud J, Polrot M, Gonin P, Mathieu JRR, Souquere S, Pierron G, Gelli M, Dartigues P, Ducreux M, Barresi V, Jaulin F. Patient-derived organoids identify an apico-basolateral polarity switch associated with survival in colorectal cancer. J Cell Sci. 2022 Jul 15;135(14):jcs259256. doi: 10.1242\/jcs.259256. Epub 2022 Jul 25. PMID: 35703098. View in: <span style=\"text-decoration: underline;\"><a href=\"https:\/\/pubmed.ncbi.nlm.nih.gov\/35703098\/\">Pubmed<\/a><\/span><\/p><p>Yonekura S, Terrisse S, Alves Costa Silva C, Lafarge A, Iebba V, Ferrere G, Goubet AG, Fahrner JE, Lahmar I, Ueda K, Mansouri G, Pizzato E, Ly P, Mazzenga M, Thelemaque C, Fidelle M, Jaulin F, Cartry J, Deloger M, Aglave M, Droin N, Opolon P, Puget A, Mann F, Neunlist M, Bessard A, Aymeric L, Matysiak-Budnik T, Bosq J, Hofman P, Duong CPM, Ugolini S, Quiniou V, Berrard S, Ryffel B, Kepp O, Kroemer G, Routy B, Lordello L, Bani MA, Segata N, Yengej FY, Clevers H, Scoazec JY, Pasolli E, Derosa L, Zitvogel L. Cancer Induces a Stress Ileopathy Depending on \u03b2-Adrenergic Receptors and Promoting Dysbiosis that Contributes to Carcinogenesis. Cancer Discov. 2022 Apr 1;12(4):1128-1151. doi: 10.1158\/2159-8290.CD-21-0999. PMID: 34930787. View in: <span style=\"text-decoration: underline;\"><a href=\"https:\/\/pubmed.ncbi.nlm.nih.gov\/34930787\/\">Pubmed<\/a><\/span><\/p>\t\t\t\t\t\t\t\t<\/div>\n\t\t\t\t<\/div>\n\t\t\t\t\t<\/div>\n\t\t<\/div>\n\t\t\t\t\t<\/div>\n\t\t<\/section>\n\t\t\t\t<section class=\"elementor-section elementor-top-section elementor-element elementor-element-da874b0 elementor-section-stretched elementor-section-boxed elementor-section-height-default elementor-section-height-default\" data-id=\"da874b0\" data-element_type=\"section\" data-e-type=\"section\" data-settings=\"{&quot;stretch_section&quot;:&quot;section-stretched&quot;}\">\n\t\t\t\t\t\t<div class=\"elementor-container elementor-column-gap-default\">\n\t\t\t\t\t<div class=\"elementor-column elementor-col-100 elementor-top-column elementor-element elementor-element-abb9db0\" data-id=\"abb9db0\" data-element_type=\"column\" data-e-type=\"column\">\n\t\t\t<div class=\"elementor-widget-wrap elementor-element-populated\">\n\t\t\t\t\t\t<div class=\"elementor-element elementor-element-d079954 elementor-widget elementor-widget-text-editor\" data-id=\"d079954\" data-element_type=\"widget\" data-e-type=\"widget\" data-widget_type=\"text-editor.default\">\n\t\t\t\t<div class=\"elementor-widget-container\">\n\t\t\t\t\t\t\t\t\t<h1><span style=\"color: #00ccff;\"><strong>2020-2021<\/strong><\/span><\/h1><p>Watkins TBK, Lim EL, Petkovic M, Elizalde S, Birkbak NJ, Wilson GA, Moore DA, Gr\u00f6nroos E, Rowan A, Dewhurst SM, Demeulemeester J, Dentro SC, Horswell S, Au L, Haase K, Escudero M, Rosenthal R, Bakir MA, Xu H, Litchfield K, Lu WT, Mourikis TP, Dietzen M, Spain L, Cresswell GD, Biswas D, Lamy P, Nordentoft I, Harbst K, Castro-Giner F, Yates LR, Caramia F, Jaulin F, Vicier C, Tomlinson IPM, Brastianos PK, Cho RJ, Bastian BC, Dyrskj\u00f8t L, J\u00f6nsson GB, Savas P, Loi S, Campbell PJ, Andre F, Luscombe NM, Steeghs N, Tjan-Heijnen VCG, Szallasi Z, Turajlic S, Jamal-Hanjani M, Van Loo P, Bakhoum SF, Schwarz RF, McGranahan N, Swanton C. Pervasive chromosomal instability and karyotype order in tumour evolution. Nature. 2020 Nov;587(7832):126-132. doi: 10.1038\/s41586-020-2698-6. Epub 2020 Sep 2. PMID: 32879494. View in: <span style=\"text-decoration: underline;\"><a href=\"https:\/\/pubmed.ncbi.nlm.nih.gov\/32879494\/\">Pubmed<\/a><\/span><\/p><p>Bonucci M, Kuperwasser N, Barbe S, Koka V, de Villeneuve D, Zhang C, Srivastava N, Jia X, Stokes MP, Bienaim\u00e9 F, Verkarre V, Lopez JB, Jaulin F, Pontoglio M, Terzi F, Delaval B, Piel M, Pende M. mTOR and S6K1 drive polycystic kidney by the control of Afadin-dependent oriented cell division. Nat Commun. 2020 Jun 24;11(1):3200. doi: 10.1038\/s41467-020-16978-z. PMID: 32581239. View in: <span style=\"text-decoration: underline;\"><a href=\"https:\/\/pubmed.ncbi.nlm.nih.gov\/32581239\/\">Pubmed<\/a><\/span><\/p>\t\t\t\t\t\t\t\t<\/div>\n\t\t\t\t<\/div>\n\t\t\t\t\t<\/div>\n\t\t<\/div>\n\t\t\t\t\t<\/div>\n\t\t<\/section>\n\t\t\t\t<section class=\"elementor-section elementor-top-section elementor-element elementor-element-b137c1f elementor-section-stretched elementor-section-boxed elementor-section-height-default elementor-section-height-default\" data-id=\"b137c1f\" data-element_type=\"section\" data-e-type=\"section\" data-settings=\"{&quot;stretch_section&quot;:&quot;section-stretched&quot;}\">\n\t\t\t\t\t\t<div class=\"elementor-container elementor-column-gap-default\">\n\t\t\t\t\t<div class=\"elementor-column elementor-col-100 elementor-top-column elementor-element elementor-element-fb80607\" data-id=\"fb80607\" data-element_type=\"column\" data-e-type=\"column\">\n\t\t\t<div class=\"elementor-widget-wrap elementor-element-populated\">\n\t\t\t\t\t\t<div class=\"elementor-element elementor-element-7cff9c6 elementor-widget elementor-widget-text-editor\" data-id=\"7cff9c6\" data-element_type=\"widget\" data-e-type=\"widget\" data-widget_type=\"text-editor.default\">\n\t\t\t\t<div class=\"elementor-widget-container\">\n\t\t\t\t\t\t\t\t\t<h1><span style=\"color: #00ccff;\"><strong>2018-2019<\/strong><\/span><\/h1><p>Sullivan DP, Dalal PJ, Jaulin F, Sacks DB, Kreitzer G, Muller WA. Endothelial IQGAP1 regulates leukocyte transmigration by directing the LBRC to the site of diapedesis. J Exp Med. 2019 Nov 4;216(11):2582-2601. doi: 10.1084\/jem.20190008. Epub 2019 Aug 8. PMID: 31395618. View in: <span style=\"text-decoration: underline;\"><a href=\"https:\/\/pubmed.ncbi.nlm.nih.gov\/31395618\/\">Pubmed<\/a><\/span><\/p><p>Libanje F, Raingeaud J, Luan R, Thomas Z, Zajac O, Veiga J, Marisa L, Adam J, Boige V, Malka D, Go\u00e9r\u00e9 D, Hall A, Soazec JY, Prall F, Gelli M, Dartigues P, Jaulin F. ROCK2 inhibition triggers the collective invasion of colorectal adenocarcinomas. EMBO J. 2019 Jul 15;38(14):e99299. doi: 10.15252\/embj.201899299. Epub 2019 Jun 18. PMID: 31304629. View in: <span style=\"text-decoration: underline;\"><a href=\"https:\/\/pubmed.ncbi.nlm.nih.gov\/31304629\/\">Pubmed<\/a><\/span><\/p><p>Zajac O, Jaulin F. [Upside-down topology in metastatic colorectal carcinomas]. Med Sci (Paris). 2018 Oct;34(10):768-771. doi: 10.1051\/medsci\/2018195. Epub 2018 Nov 19. PMID: 30451665. View in: <span style=\"text-decoration: underline;\"><a href=\"https:\/\/pubmed.ncbi.nlm.nih.gov\/30451665\/\">Pubmed<\/a><\/span><\/p><p>Martins I, Raza SQ, Voisin L, Dakhli H, Allouch A, Law F, Sabino D, De Jong D, Thoreau M, Mintet E, Dugu\u00e9 D, Piacentini M, Gougeon ML, Jaulin F, Bertrand P, Brenner C, Ojcius DM, Kroemer G, Modjtahedi N, Deutsch E, Perfettini JL. Anticancer chemotherapy and radiotherapy trigger both non-cell-autonomous and cell-autonomous death. Cell Death Dis. 2018 Jun 18;9(7):716. doi: 10.1038\/s41419-018-0747-y. PMID: 29915308. View in: <span style=\"text-decoration: underline;\"><a href=\"https:\/\/pubmed.ncbi.nlm.nih.gov\/29915308\/\">Pubmed<\/a><\/span><\/p><p>Zajac O, Raingeaud J, Libanje F, Lefebvre C, Sabino D, Martins I, Roy P, Benatar C, Canet-Jourdan C, Azorin P, Polrot M, Gonin P, Benbarche S, Souquere S, Pierron G, Nowak D, Bigot L, Ducreux M, Malka D, Lobry C, Scoazec JY, Eveno C, Pocard M, Perfettini JL, Elias D, Dartigues P, Go\u00e9r\u00e9 D, Jaulin F. Tumour spheres with inverted polarity drive the formation of peritoneal metastases in patients with hypermethylated colorectal carcinomas. Nat Cell Biol. 2018 Mar;20(3):296-306. doi: 10.1038\/s41556-017-0027-6. Epub 2018 Feb 5. PMID: 29403038. View in: <span style=\"text-decoration: underline;\"><a href=\"https:\/\/pubmed.ncbi.nlm.nih.gov\/29403038\/\">Pubmed<\/a><\/span><\/p>\t\t\t\t\t\t\t\t<\/div>\n\t\t\t\t<\/div>\n\t\t\t\t\t<\/div>\n\t\t<\/div>\n\t\t\t\t\t<\/div>\n\t\t<\/section>\n\t\t\t\t<\/div>\n\t\t","protected":false},"excerpt":{"rendered":"<p>JAULIN LAB PUBLICATIONS 2025 Lacroix A, Swales L, Farhat R, Dadon L, Rashidova G, Lhoste L, Cartry J, Mathieu JRR, Boileve A, Jaulin F, Wiels J, Brenner C, Germini D. The pro-apoptotic peptide PEP-010 triggers apoptosis in pancreatic tumor models in monotherapy and in combination with gemcitabine independently of the KRAS status. Cancer Lett. 2025 [&hellip;]<\/p>\n","protected":false},"author":1,"featured_media":0,"parent":0,"menu_order":0,"comment_status":"closed","ping_status":"closed","template":"","meta":{"nf_dc_page":"","ocean_post_layout":"","ocean_both_sidebars_style":"","ocean_both_sidebars_content_width":0,"ocean_both_sidebars_sidebars_width":0,"ocean_sidebar":"0","ocean_second_sidebar":"0","ocean_disable_margins":"enable","ocean_add_body_class":"","ocean_shortcode_before_top_bar":"","ocean_shortcode_after_top_bar":"","ocean_shortcode_before_header":"","ocean_shortcode_after_header":"","ocean_has_shortcode":"","ocean_shortcode_after_title":"","ocean_shortcode_before_footer_widgets":"","ocean_shortcode_after_footer_widgets":"","ocean_shortcode_before_footer_bottom":"","ocean_shortcode_after_footer_bottom":"","ocean_display_top_bar":"default","ocean_display_header":"default","ocean_header_style":"","ocean_center_header_left_menu":"0","ocean_custom_header_template":"0","ocean_custom_logo":0,"ocean_custom_retina_logo":0,"ocean_custom_logo_max_width":0,"ocean_custom_logo_tablet_max_width":0,"ocean_custom_logo_mobile_max_width":0,"ocean_custom_logo_max_height":0,"ocean_custom_logo_tablet_max_height":0,"ocean_custom_logo_mobile_max_height":0,"ocean_header_custom_menu":"0","ocean_menu_typo_font_family":"0","ocean_menu_typo_font_subset":"","ocean_menu_typo_font_size":0,"ocean_menu_typo_font_size_tablet":0,"ocean_menu_typo_font_size_mobile":0,"ocean_menu_typo_font_size_unit":"px","ocean_menu_typo_font_weight":"","ocean_menu_typo_font_weight_tablet":"","ocean_menu_typo_font_weight_mobile":"","ocean_menu_typo_transform":"","ocean_menu_typo_transform_tablet":"","ocean_menu_typo_transform_mobile":"","ocean_menu_typo_line_height":0,"ocean_menu_typo_line_height_tablet":0,"ocean_menu_typo_line_height_mobile":0,"ocean_menu_typo_line_height_unit":"","ocean_menu_typo_spacing":0,"ocean_menu_typo_spacing_tablet":0,"ocean_menu_typo_spacing_mobile":0,"ocean_menu_typo_spacing_unit":"","ocean_menu_link_color":"","ocean_menu_link_color_hover":"","ocean_menu_link_color_active":"","ocean_menu_link_background":"","ocean_menu_link_hover_background":"","ocean_menu_link_active_background":"","ocean_menu_social_links_bg":"","ocean_menu_social_hover_links_bg":"","ocean_menu_social_links_color":"","ocean_menu_social_hover_links_color":"","ocean_disable_title":"default","ocean_disable_heading":"default","ocean_post_title":"","ocean_post_subheading":"","ocean_post_title_style":"","ocean_post_title_background_color":"","ocean_post_title_background":0,"ocean_post_title_bg_image_position":"","ocean_post_title_bg_image_attachment":"","ocean_post_title_bg_image_repeat":"","ocean_post_title_bg_image_size":"","ocean_post_title_height":0,"ocean_post_title_bg_overlay":0.5,"ocean_post_title_bg_overlay_color":"","ocean_disable_breadcrumbs":"default","ocean_breadcrumbs_color":"","ocean_breadcrumbs_separator_color":"","ocean_breadcrumbs_links_color":"","ocean_breadcrumbs_links_hover_color":"","ocean_display_footer_widgets":"default","ocean_display_footer_bottom":"default","ocean_custom_footer_template":"0","footnotes":""},"class_list":["post-521","page","type-page","status-publish","hentry","entry"],"_links":{"self":[{"href":"https:\/\/jaulinlab.com\/fr\/wp-json\/wp\/v2\/pages\/521","targetHints":{"allow":["GET"]}}],"collection":[{"href":"https:\/\/jaulinlab.com\/fr\/wp-json\/wp\/v2\/pages"}],"about":[{"href":"https:\/\/jaulinlab.com\/fr\/wp-json\/wp\/v2\/types\/page"}],"author":[{"embeddable":true,"href":"https:\/\/jaulinlab.com\/fr\/wp-json\/wp\/v2\/users\/1"}],"replies":[{"embeddable":true,"href":"https:\/\/jaulinlab.com\/fr\/wp-json\/wp\/v2\/comments?post=521"}],"version-history":[{"count":5,"href":"https:\/\/jaulinlab.com\/fr\/wp-json\/wp\/v2\/pages\/521\/revisions"}],"predecessor-version":[{"id":2185,"href":"https:\/\/jaulinlab.com\/fr\/wp-json\/wp\/v2\/pages\/521\/revisions\/2185"}],"wp:attachment":[{"href":"https:\/\/jaulinlab.com\/fr\/wp-json\/wp\/v2\/media?parent=521"}],"curies":[{"name":"wp","href":"https:\/\/api.w.org\/{rel}","templated":true}]}}